{"id":13653,"date":"2021-11-09T12:52:29","date_gmt":"2021-11-09T12:52:29","guid":{"rendered":"https:\/\/dev.prpmedic.ca\/?page_id=13653"},"modified":"2021-11-11T07:53:36","modified_gmt":"2021-11-11T07:53:36","slug":"literature","status":"publish","type":"page","link":"https:\/\/prpmedic.ca\/en\/literature\/","title":{"rendered":"Literature"},"content":{"rendered":"\t\t<div data-elementor-type=\"wp-page\" data-elementor-id=\"13653\" class=\"elementor elementor-13653\">\n\t\t\t\t\t\t\t\t\t<section class=\"ob-is-breaking-bad has_ae_slider elementor-section elementor-top-section elementor-element elementor-element-ca94d43 sectionduhaut elementor-section-boxed elementor-section-height-default elementor-section-height-default ae-bg-gallery-type-default\" data-id=\"ca94d43\" data-element_type=\"section\" id=\"sectionduhaut\" data-settings=\"{&quot;background_background&quot;:&quot;classic&quot;,&quot;_ob_bbad_use_it&quot;:&quot;yes&quot;,&quot;_ob_bbad_sssic_use&quot;:&quot;no&quot;,&quot;_ob_glider_is_slider&quot;:&quot;no&quot;}\">\n\t\t\t\t\t\t\t<div class=\"elementor-background-overlay\"><\/div>\n\t\t\t\t\t\t\t<div class=\"elementor-container elementor-column-gap-default\">\n\t\t\t\t\t<div class=\"has_ae_slider elementor-column elementor-col-100 elementor-top-column elementor-element elementor-element-38acabf2 ae-bg-gallery-type-default\" data-id=\"38acabf2\" data-element_type=\"column\" data-settings=\"{&quot;_ob_bbad_is_stalker&quot;:&quot;no&quot;,&quot;_ob_teleporter_use&quot;:false,&quot;_ob_column_hoveranimator&quot;:&quot;no&quot;,&quot;_ob_column_has_pseudo&quot;:&quot;no&quot;}\">\n\t\t\t<div class=\"elementor-widget-wrap elementor-element-populated\">\n\t\t\t\t\t\t\t\t\t<\/div>\n\t\t<\/div>\n\t\t\t\t\t\t\t<\/div>\n\t\t<\/section>\n\t\t\t\t<section class=\"ob-is-breaking-bad has_ae_slider elementor-section elementor-top-section elementor-element elementor-element-128a38a elementor-section-boxed elementor-section-height-default elementor-section-height-default ae-bg-gallery-type-default\" data-id=\"128a38a\" data-element_type=\"section\" data-settings=\"{&quot;background_background&quot;:&quot;classic&quot;,&quot;_ob_bbad_use_it&quot;:&quot;yes&quot;,&quot;_ob_bbad_sssic_use&quot;:&quot;no&quot;,&quot;_ob_glider_is_slider&quot;:&quot;no&quot;}\">\n\t\t\t\t\t\t<div class=\"elementor-container elementor-column-gap-default\">\n\t\t\t\t\t<div class=\"has_ae_slider elementor-column elementor-col-100 elementor-top-column elementor-element elementor-element-9766024 ae-bg-gallery-type-default\" data-id=\"9766024\" data-element_type=\"column\" data-settings=\"{&quot;_ob_bbad_is_stalker&quot;:&quot;no&quot;,&quot;_ob_teleporter_use&quot;:false,&quot;_ob_column_hoveranimator&quot;:&quot;no&quot;,&quot;_ob_column_has_pseudo&quot;:&quot;no&quot;}\">\n\t\t\t<div class=\"elementor-widget-wrap elementor-element-populated\">\n\t\t\t\t\t\t\t\t<div class=\"elementor-element elementor-element-c5434c6 ob-harakiri-inherit ob-has-background-overlay elementor-widget elementor-widget-heading\" data-id=\"c5434c6\" data-element_type=\"widget\" data-settings=\"{&quot;_ob_use_harakiri&quot;:&quot;yes&quot;,&quot;_ob_harakiri_writing_mode&quot;:&quot;inherit&quot;,&quot;_ob_harakiri_text_clip&quot;:&quot;none&quot;,&quot;_ob_perspektive_use&quot;:&quot;no&quot;,&quot;_ob_poopart_use&quot;:&quot;yes&quot;,&quot;_ob_shadough_use&quot;:&quot;no&quot;,&quot;_ob_allow_hoveranimator&quot;:&quot;no&quot;,&quot;_ob_widget_stalker_use&quot;:&quot;no&quot;}\" data-widget_type=\"heading.default\">\n\t\t\t\t<div class=\"elementor-widget-container\">\n\t\t\t<h2 class=\"elementor-heading-title elementor-size-default\">PRP makes the headline<\/h2>\t\t<\/div>\n\t\t\t\t<\/div>\n\t\t\t\t<div class=\"elementor-element elementor-element-2189fb4 elementor-widget-divider--view-line ob-has-background-overlay elementor-widget elementor-widget-divider\" data-id=\"2189fb4\" data-element_type=\"widget\" data-settings=\"{&quot;_ob_perspektive_use&quot;:&quot;no&quot;,&quot;_ob_poopart_use&quot;:&quot;yes&quot;,&quot;_ob_shadough_use&quot;:&quot;no&quot;,&quot;_ob_allow_hoveranimator&quot;:&quot;no&quot;,&quot;_ob_widget_stalker_use&quot;:&quot;no&quot;}\" data-widget_type=\"divider.default\">\n\t\t\t\t<div class=\"elementor-widget-container\">\n\t\t\t\t\t<div class=\"elementor-divider\">\n\t\t\t<span class=\"elementor-divider-separator\">\n\t\t\t\t\t\t<\/span>\n\t\t<\/div>\n\t\t\t\t<\/div>\n\t\t\t\t<\/div>\n\t\t\t\t<div class=\"elementor-element elementor-element-3ecfca2 ob-harakiri-inherit ob-has-background-overlay elementor-widget elementor-widget-text-editor\" data-id=\"3ecfca2\" data-element_type=\"widget\" data-settings=\"{&quot;_ob_use_harakiri&quot;:&quot;yes&quot;,&quot;_ob_harakiri_writing_mode&quot;:&quot;inherit&quot;,&quot;_ob_postman_use&quot;:&quot;no&quot;,&quot;_ob_perspektive_use&quot;:&quot;no&quot;,&quot;_ob_poopart_use&quot;:&quot;yes&quot;,&quot;_ob_shadough_use&quot;:&quot;no&quot;,&quot;_ob_allow_hoveranimator&quot;:&quot;no&quot;,&quot;_ob_widget_stalker_use&quot;:&quot;no&quot;}\" data-widget_type=\"text-editor.default\">\n\t\t\t\t<div class=\"elementor-widget-container\">\n\t\t\t\t\t\t\t<ul>\n<li> <a href=\"http:\/\/www.rds.ca\/baseball\/chroniques\/339266.html\" target=\"_blank\" rel=\"noopener noreferrer\">\u00c7a se complique encore pour Crawford&nbsp;&#8211; RDS.CA<\/a>&nbsp;(french only)<\/li>\n<li> <a href=\"http:\/\/www.journaldemontreal.com\/2012\/08\/02\/traitements-particuliers\" target=\"_blank\" rel=\"noopener noreferrer\">Traitements particuliers&nbsp;&#8211; JOURNAL DE MONTR\u00c9AL<\/a>&nbsp;(french only)<\/li>\n<li><a href=\"http:\/\/www.cyberpresse.ca\/sports\/hockey\/200909\/02\/01-898021-le-prp-a-la-rescousse-de-simon-gagne.php\">Le PRP \u00e0 la rescousse de Simon Gagn\u00e9&nbsp;&#8211; CYBERPRESSE.CA<\/a>&nbsp;(french only) <\/li>\n<li><a href=\"https:\/\/www.nytimes.com\/2009\/02\/17\/sports\/17blood.html?_r=2\">A Promising Treatment for Athletes, in Blood&nbsp;&#8211; THE NEW-YORK TIMES<\/a><a href=\"https:\/\/www.nytimes.com\/2009\/02\/17\/sports\/17blood.html?_r=2\" target=\"_blank\" rel=\"noopener noreferrer\">&nbsp;<\/a> <\/li>\n<li><a href=\"http:\/\/abclocal.go.com\/kgo\/story?section=news\/health&amp;id=4747429\" target=\"_blank\" rel=\"noopener noreferrer\">New Cure Discovered For Tennis Elbow<\/a><a href=\"http:\/\/abclocal.go.com\/kgo\/story?section=news\/health&amp;id=4747429\" target=\"_blank\" rel=\"noopener noreferrer\">&nbsp;&#8211; ABC&nbsp;<\/a> <\/li>\n<li><a href=\"http:\/\/www.ktvu.com\/video\/15962725\/index.html\" target=\"_blank\" rel=\"noopener noreferrer\">John Fowler Reports On Revolutionary Platelet-Rich-Plasma Treatment For Injured Tendons<\/a><a href=\"https:\/\/web.archive.org\/web\/20180905184342\/http:\/\/www.ktvu.com\/video\/15962725\/index.html\" target=\"_blank\" rel=\"noopener noreferrer\">&nbsp;&#8211; KTVU.COM&nbsp;<\/a> <\/li>\n<li> <a href=\"http:\/\/www.nj.com\/sports\/njsports\/index.ssf\/2009\/07\/cuttingedge_plateletrich_plasm.html\" target=\"_blank\" rel=\"noopener noreferrer\">Cutting-edge, platelet-rich plasma therapy emerging as new option for ailing athletes<\/a><a href=\"https:\/\/web.archive.org\/web\/20180905184342\/http:\/\/www.nj.com\/sports\/njsports\/index.ssf\/2009\/07\/cuttingedge_plateletrich_plasm.html\" target=\"_blank\" rel=\"noopener noreferrer\">&nbsp;&#8211; NJ.COM&nbsp;<\/a><\/li>\n<li><a href=\"https:\/\/www.nytimes.com\/2009\/07\/23\/health\/nutrition\/23best.html?pagewanted=1\" target=\"_blank\" rel=\"noopener noreferrer\">Seeking Help for an Injury, at Any Price<\/a><a href=\"https:\/\/web.archive.org\/web\/20180905184342\/http:\/\/www.nytimes.com\/2009\/07\/23\/health\/nutrition\/23best.html?pagewanted=1\" target=\"_blank\" rel=\"noopener noreferrer\">&nbsp;&#8211; THE NEW-YORK TIMES&nbsp;<\/a> <\/li>\n<li><a href=\"https:\/\/www.nytimes.com\/2009\/08\/20\/health\/nutrition\/20best.html?em\" target=\"_blank\" rel=\"noopener noreferrer\">One Injured Hamstring, a String of Treatments<\/a><a href=\"https:\/\/web.archive.org\/web\/20180905184342\/http:\/\/www.nytimes.com\/2009\/08\/20\/health\/nutrition\/20best.html?em\" target=\"_blank\" rel=\"noopener noreferrer\">&nbsp;&#8211; THE NEW_YORK TIMES&nbsp;<\/a> <\/li>\n<li><a href=\"http:\/\/yankees.lhblogs.com\/2009\/05\/03\/new-procedure-could-hasten-nadys-return\/\" target=\"_blank\" rel=\"noopener noreferrer\">New procedure could hasten Nady\u2019s return<\/a><a href=\"https:\/\/web.archive.org\/web\/20180905184342\/http:\/\/yankees.lhblogs.com\/2009\/05\/03\/new-procedure-could-hasten-nadys-return\/\" target=\"_blank\" rel=\"noopener noreferrer\">&nbsp;&#8211; THE LOHUD YANKEES BLOG&nbsp;<\/a> <\/li>\n<li><a href=\"https:\/\/web.archive.org\/web\/20180905184342\/http:\/\/www.coastalcourier.com\/news\/archive\/10774\/\" target=\"_blank\" rel=\"noopener noreferrer\">McGowan begins throwing again<\/a><a href=\"http:\/\/www.coastalcourier.com\/news\/archive\/10774\/\" target=\"_blank\" rel=\"noopener noreferrer\">&nbsp;&#8211; COASTALCOURRIER.COM&nbsp;<\/a><\/li>\n<li><a href=\"http:\/\/www.sfgate.com\/cgi-bin\/article.cgi?f=\/c\/a\/2008\/08\/09\/SPU4127OSL.DTL\" target=\"_blank\" rel=\"noopener noreferrer\">Miracle&#8217; cure has tackle on field<\/a><a href=\"https:\/\/web.archive.org\/web\/20180905184342\/http:\/\/www.sfgate.com\/cgi-bin\/article.cgi?f=\/c\/a\/2008\/08\/09\/SPU4127OSL.DTL\" target=\"_blank\" rel=\"noopener noreferrer\">&nbsp;&#8211; SAN FRANCISCO CHRONICLE&nbsp;<\/a> <\/li>\n<\/ul>\n\t\t\t\t\t\t<\/div>\n\t\t\t\t<\/div>\n\t\t\t\t\t<\/div>\n\t\t<\/div>\n\t\t\t\t\t\t\t<\/div>\n\t\t<\/section>\n\t\t\t\t<section class=\"ob-is-breaking-bad has_ae_slider elementor-section elementor-top-section elementor-element elementor-element-30783743 elementor-section-full_width thecta elementor-section-height-default elementor-section-height-default ae-bg-gallery-type-default\" data-id=\"30783743\" data-element_type=\"section\" data-settings=\"{&quot;background_background&quot;:&quot;classic&quot;,&quot;_ob_bbad_use_it&quot;:&quot;yes&quot;,&quot;_ob_bbad_sssic_use&quot;:&quot;no&quot;,&quot;_ob_glider_is_slider&quot;:&quot;no&quot;}\">\n\t\t\t\t\t\t\t<div class=\"elementor-background-overlay\"><\/div>\n\t\t\t\t\t\t\t<div class=\"elementor-container elementor-column-gap-no\">\n\t\t\t\t\t<div class=\"has_ae_slider elementor-column elementor-col-100 elementor-top-column elementor-element elementor-element-4092b839 ae-bg-gallery-type-default\" data-id=\"4092b839\" data-element_type=\"column\" data-settings=\"{&quot;_ob_bbad_is_stalker&quot;:&quot;no&quot;,&quot;_ob_teleporter_use&quot;:false,&quot;_ob_column_hoveranimator&quot;:&quot;no&quot;,&quot;_ob_column_has_pseudo&quot;:&quot;no&quot;}\">\n\t\t\t<div class=\"elementor-widget-wrap elementor-element-populated\">\n\t\t\t\t\t\t\t\t<div class=\"elementor-element elementor-element-1b28f731 tilted-image-1 tilt ob-has-background-overlay ob-photomorph elementor-widget elementor-widget-image\" data-id=\"1b28f731\" data-element_type=\"widget\" data-settings=\"{&quot;_ob_photomorph_use&quot;:&quot;yes&quot;,&quot;_ob_perspektive_use&quot;:&quot;no&quot;,&quot;_ob_poopart_use&quot;:&quot;yes&quot;,&quot;_ob_shadough_use&quot;:&quot;no&quot;,&quot;_ob_allow_hoveranimator&quot;:&quot;no&quot;,&quot;_ob_widget_stalker_use&quot;:&quot;no&quot;}\" data-widget_type=\"image.default\">\n\t\t\t\t<div class=\"elementor-widget-container\">\n\t\t\t\t\t\t\t\t\t\t\t\t\t\t\t<img loading=\"lazy\" decoding=\"async\" width=\"550\" height=\"438\" src=\"https:\/\/prpmedic.ca\/wp-content\/uploads\/2021\/06\/sport-medecine-CTA-left.jpg\" class=\"attachment-large size-large\" alt=\"\" srcset=\"https:\/\/prpmedic.ca\/wp-content\/uploads\/2021\/06\/sport-medecine-CTA-left.jpg 550w, https:\/\/prpmedic.ca\/wp-content\/uploads\/2021\/06\/sport-medecine-CTA-left-300x239.jpg 300w\" sizes=\"auto, (max-width: 550px) 100vw, 550px\" \/>\t\t\t\t\t\t\t\t\t\t\t\t\t\t\t<\/div>\n\t\t\t\t<\/div>\n\t\t\t\t<div class=\"elementor-element elementor-element-7990aa47 tilted-image-2 tilt ob-has-background-overlay ob-photomorph elementor-widget elementor-widget-image\" data-id=\"7990aa47\" data-element_type=\"widget\" data-settings=\"{&quot;_ob_photomorph_use&quot;:&quot;yes&quot;,&quot;_ob_perspektive_use&quot;:&quot;no&quot;,&quot;_ob_poopart_use&quot;:&quot;yes&quot;,&quot;_ob_shadough_use&quot;:&quot;no&quot;,&quot;_ob_allow_hoveranimator&quot;:&quot;no&quot;,&quot;_ob_widget_stalker_use&quot;:&quot;no&quot;}\" data-widget_type=\"image.default\">\n\t\t\t\t<div class=\"elementor-widget-container\">\n\t\t\t\t\t\t\t\t\t\t\t\t\t\t\t<img loading=\"lazy\" decoding=\"async\" width=\"550\" height=\"438\" src=\"https:\/\/prpmedic.ca\/wp-content\/uploads\/2021\/06\/sport-medecine-CTA-right.jpg\" class=\"attachment-large size-large\" alt=\"\" srcset=\"https:\/\/prpmedic.ca\/wp-content\/uploads\/2021\/06\/sport-medecine-CTA-right.jpg 550w, https:\/\/prpmedic.ca\/wp-content\/uploads\/2021\/06\/sport-medecine-CTA-right-300x239.jpg 300w\" sizes=\"auto, (max-width: 550px) 100vw, 550px\" \/>\t\t\t\t\t\t\t\t\t\t\t\t\t\t\t<\/div>\n\t\t\t\t<\/div>\n\t\t\t\t<section class=\"ob-is-breaking-bad ob-bb-inner has_ae_slider elementor-section elementor-inner-section elementor-element elementor-element-3e704c02 elementor-section-boxed elementor-section-height-default elementor-section-height-default ae-bg-gallery-type-default\" data-id=\"3e704c02\" data-element_type=\"section\" data-settings=\"{&quot;_ob_bbad_use_it&quot;:&quot;yes&quot;,&quot;_ob_bbad_sssic_use&quot;:&quot;no&quot;,&quot;_ob_glider_is_slider&quot;:&quot;no&quot;}\">\n\t\t\t\t\t\t<div class=\"elementor-container elementor-column-gap-default\">\n\t\t\t\t\t<div class=\"has_ae_slider elementor-column elementor-col-50 elementor-inner-column elementor-element elementor-element-6d279352 ae-bg-gallery-type-default\" data-id=\"6d279352\" data-element_type=\"column\" data-settings=\"{&quot;_ob_bbad_is_stalker&quot;:&quot;no&quot;,&quot;_ob_teleporter_use&quot;:false,&quot;_ob_column_hoveranimator&quot;:&quot;no&quot;,&quot;_ob_column_has_pseudo&quot;:&quot;no&quot;}\">\n\t\t\t<div class=\"elementor-widget-wrap\">\n\t\t\t\t\t\t\t\t\t<\/div>\n\t\t<\/div>\n\t\t\t\t<div class=\"has_ae_slider elementor-column elementor-col-50 elementor-inner-column elementor-element elementor-element-1efd24ee ae-bg-gallery-type-default\" data-id=\"1efd24ee\" data-element_type=\"column\" data-settings=\"{&quot;_ob_bbad_is_stalker&quot;:&quot;no&quot;,&quot;_ob_teleporter_use&quot;:false,&quot;_ob_column_hoveranimator&quot;:&quot;no&quot;,&quot;_ob_column_has_pseudo&quot;:&quot;no&quot;}\">\n\t\t\t<div class=\"elementor-widget-wrap elementor-element-populated\">\n\t\t\t\t\t\t\t\t<div class=\"elementor-element elementor-element-6d3a039c ob-harakiri-inherit ob-has-background-overlay elementor-widget elementor-widget-global elementor-global-7666 elementor-widget-heading\" data-id=\"6d3a039c\" data-element_type=\"widget\" data-settings=\"{&quot;_ob_use_harakiri&quot;:&quot;yes&quot;,&quot;_ob_harakiri_writing_mode&quot;:&quot;inherit&quot;,&quot;_ob_harakiri_text_clip&quot;:&quot;none&quot;,&quot;_ob_perspektive_use&quot;:&quot;no&quot;,&quot;_ob_poopart_use&quot;:&quot;yes&quot;,&quot;_ob_shadough_use&quot;:&quot;no&quot;,&quot;_ob_allow_hoveranimator&quot;:&quot;no&quot;,&quot;_ob_widget_stalker_use&quot;:&quot;no&quot;}\" data-widget_type=\"heading.default\">\n\t\t\t\t<div class=\"elementor-widget-container\">\n\t\t\t<h3 class=\"elementor-heading-title elementor-size-default\">Book an appointment now<\/h3>\t\t<\/div>\n\t\t\t\t<\/div>\n\t\t\t\t<div class=\"elementor-element elementor-element-686fbab0 ob-harakiri-inherit ob-has-background-overlay elementor-widget elementor-widget-global elementor-global-7669 elementor-widget-text-editor\" data-id=\"686fbab0\" data-element_type=\"widget\" data-settings=\"{&quot;_ob_use_harakiri&quot;:&quot;yes&quot;,&quot;_ob_harakiri_writing_mode&quot;:&quot;inherit&quot;,&quot;_ob_postman_use&quot;:&quot;no&quot;,&quot;_ob_perspektive_use&quot;:&quot;no&quot;,&quot;_ob_poopart_use&quot;:&quot;yes&quot;,&quot;_ob_shadough_use&quot;:&quot;no&quot;,&quot;_ob_allow_hoveranimator&quot;:&quot;no&quot;,&quot;_ob_widget_stalker_use&quot;:&quot;no&quot;}\" data-widget_type=\"text-editor.default\">\n\t\t\t\t<div class=\"elementor-widget-container\">\n\t\t\t\t\t\t\t<p>If pain persists and you need help, our multidisciplinary team will be able to get you back on track quickly.<\/p>\t\t\t\t\t\t<\/div>\n\t\t\t\t<\/div>\n\t\t\t\t<div class=\"elementor-element elementor-element-216f6b9b elementor-align-left blanc elementor-widget__width-auto ob-has-background-overlay elementor-widget elementor-widget-global elementor-global-7672 elementor-widget-button\" data-id=\"216f6b9b\" data-element_type=\"widget\" data-settings=\"{&quot;_ob_butterbutton_use_it&quot;:&quot;no&quot;,&quot;_ob_perspektive_use&quot;:&quot;no&quot;,&quot;_ob_poopart_use&quot;:&quot;yes&quot;,&quot;_ob_shadough_use&quot;:&quot;no&quot;,&quot;_ob_allow_hoveranimator&quot;:&quot;no&quot;,&quot;_ob_widget_stalker_use&quot;:&quot;no&quot;}\" data-widget_type=\"button.default\">\n\t\t\t\t<div class=\"elementor-widget-container\">\n\t\t\t\t\t<div class=\"elementor-button-wrapper\">\n\t\t\t<a href=\"https:\/\/prpmedic.ca\/en\/contact-us\/\" class=\"elementor-button-link elementor-button elementor-size-sm\" role=\"button\">\n\t\t\t\t\t\t<span class=\"elementor-button-content-wrapper\">\n\t\t\t\t\t\t\t<span class=\"elementor-button-icon elementor-align-icon-right\">\n\t\t\t\t<i aria-hidden=\"true\" class=\"fas fa-arrow-right\"><\/i>\t\t\t<\/span>\n\t\t\t\t\t\t<span class=\"elementor-button-text\">Contact Us<\/span>\n\t\t<\/span>\n\t\t\t\t\t<\/a>\n\t\t<\/div>\n\t\t\t\t<\/div>\n\t\t\t\t<\/div>\n\t\t\t\t<div class=\"elementor-element elementor-element-92461d6 elementor-align-left transparent elementor-widget__width-auto ob-has-background-overlay elementor-widget elementor-widget-button\" data-id=\"92461d6\" data-element_type=\"widget\" data-settings=\"{&quot;_ob_butterbutton_use_it&quot;:&quot;no&quot;,&quot;_ob_perspektive_use&quot;:&quot;no&quot;,&quot;_ob_poopart_use&quot;:&quot;yes&quot;,&quot;_ob_shadough_use&quot;:&quot;no&quot;,&quot;_ob_allow_hoveranimator&quot;:&quot;no&quot;,&quot;_ob_widget_stalker_use&quot;:&quot;no&quot;}\" data-widget_type=\"button.default\">\n\t\t\t\t<div class=\"elementor-widget-container\">\n\t\t\t\t\t<div class=\"elementor-button-wrapper\">\n\t\t\t<a href=\"https:\/\/prpmedic.ca\/en\/service\/\" class=\"elementor-button-link elementor-button elementor-size-sm\" role=\"button\">\n\t\t\t\t\t\t<span class=\"elementor-button-content-wrapper\">\n\t\t\t\t\t\t\t<span class=\"elementor-button-icon elementor-align-icon-right\">\n\t\t\t\t<i aria-hidden=\"true\" class=\"fas fa-arrow-right\"><\/i>\t\t\t<\/span>\n\t\t\t\t\t\t<span class=\"elementor-button-text\">Our treatments<\/span>\n\t\t<\/span>\n\t\t\t\t\t<\/a>\n\t\t<\/div>\n\t\t\t\t<\/div>\n\t\t\t\t<\/div>\n\t\t\t\t\t<\/div>\n\t\t<\/div>\n\t\t\t\t\t\t\t<\/div>\n\t\t<\/section>\n\t\t\t\t\t<\/div>\n\t\t<\/div>\n\t\t\t\t\t\t\t<\/div>\n\t\t<\/section>\n\t\t\t\t\t\t\t<\/div>\n\t\t","protected":false},"excerpt":{"rendered":"<p>PRP makes the headline \u00c7a se complique encore pour Crawford&nbsp;&#8211; RDS.CA&nbsp;(french only) Traitements particuliers&nbsp;&#8211; JOURNAL DE MONTR\u00c9AL&nbsp;(french only) Le PRP \u00e0 la rescousse de Simon Gagn\u00e9&nbsp;&#8211; CYBERPRESSE.CA&nbsp;(french only) A Promising Treatment for Athletes, in Blood&nbsp;&#8211; THE NEW-YORK TIMES&nbsp; New Cure Discovered For Tennis Elbow&nbsp;&#8211; ABC&nbsp; John Fowler Reports On Revolutionary Platelet-Rich-Plasma Treatment For Injured Tendons&nbsp;&#8211; [&hellip;]<\/p>\n","protected":false},"author":2,"featured_media":0,"parent":0,"menu_order":0,"comment_status":"closed","ping_status":"closed","template":"","meta":{"_seopress_robots_primary_cat":"","footnotes":""},"class_list":["post-13653","page","type-page","status-publish","hentry"],"_links":{"self":[{"href":"https:\/\/prpmedic.ca\/en\/wp-json\/wp\/v2\/pages\/13653","targetHints":{"allow":["GET"]}}],"collection":[{"href":"https:\/\/prpmedic.ca\/en\/wp-json\/wp\/v2\/pages"}],"about":[{"href":"https:\/\/prpmedic.ca\/en\/wp-json\/wp\/v2\/types\/page"}],"author":[{"embeddable":true,"href":"https:\/\/prpmedic.ca\/en\/wp-json\/wp\/v2\/users\/2"}],"replies":[{"embeddable":true,"href":"https:\/\/prpmedic.ca\/en\/wp-json\/wp\/v2\/comments?post=13653"}],"version-history":[{"count":17,"href":"https:\/\/prpmedic.ca\/en\/wp-json\/wp\/v2\/pages\/13653\/revisions"}],"predecessor-version":[{"id":14628,"href":"https:\/\/prpmedic.ca\/en\/wp-json\/wp\/v2\/pages\/13653\/revisions\/14628"}],"wp:attachment":[{"href":"https:\/\/prpmedic.ca\/en\/wp-json\/wp\/v2\/media?parent=13653"}],"curies":[{"name":"wp","href":"https:\/\/api.w.org\/{rel}","templated":true}]}}